{"id":26,"date":"2017-12-28T23:04:41","date_gmt":"2017-12-28T23:04:41","guid":{"rendered":"https:\/\/camci-mexico.com\/?page_id=26"},"modified":"2018-01-19T19:49:15","modified_gmt":"2018-01-19T19:49:15","slug":"blog","status":"publish","type":"page","link":"https:\/\/camci-mexico.com\/?page_id=26","title":{"rendered":"QUIENES SOMOS"},"content":{"rendered":"<p>&nbsp;<\/p>\n<h5 style=\"text-align: left;\">Bajo las siglas de CAMCI (Consultor\u00eda y Auditor\u00eda en Materia de Comercio Internacional, S.C.) nuestra firma surge en 1998 como un despacho enfocado a brindar servicios de consultor\u00eda y de diagn\u00f3stico preventivo en t\u00f3picos relacionados con aduanas y de comercio exterior en general.<\/h5>\n<p>&nbsp;<\/p>\n<p><img loading=\"lazy\" decoding=\"async\" class=\"alignnone size-full wp-image-89\" src=\"https:\/\/camci-mexico.com\/wp-content\/uploads\/2018\/01\/samson-duborg-rankin-91091-1.jpg\" alt=\"\" width=\"5184\" height=\"3456\" srcset=\"https:\/\/camci-mexico.com\/wp-content\/uploads\/2018\/01\/samson-duborg-rankin-91091-1.jpg 5184w, https:\/\/camci-mexico.com\/wp-content\/uploads\/2018\/01\/samson-duborg-rankin-91091-1-300x200.jpg 300w, https:\/\/camci-mexico.com\/wp-content\/uploads\/2018\/01\/samson-duborg-rankin-91091-1-768x512.jpg 768w, https:\/\/camci-mexico.com\/wp-content\/uploads\/2018\/01\/samson-duborg-rankin-91091-1-1024x683.jpg 1024w\" sizes=\"auto, (max-width: 5184px) 100vw, 5184px\" \/><\/p>\n","protected":false},"excerpt":{"rendered":"<p>&nbsp; Bajo las siglas de CAMCI (Consultor\u00eda y Auditor\u00eda en Materia de Comercio Internacional, S.C.) nuestra firma surge en 1998 como un despacho enfocado a brindar servicios de consultor\u00eda y de diagn\u00f3stico preventivo en t\u00f3picos relacionados con aduanas y de comercio exterior en general. &nbsp;<\/p>\n","protected":false},"author":1,"featured_media":0,"parent":0,"menu_order":0,"comment_status":"closed","ping_status":"closed","template":"","meta":{"_genesis_hide_title":false,"_genesis_hide_breadcrumbs":false,"_genesis_hide_singular_image":false,"_genesis_hide_footer_widgets":false,"_genesis_custom_body_class":"","_genesis_custom_post_class":"","_genesis_layout":"full-width-content","footnotes":""},"class_list":{"0":"post-26","1":"page","2":"type-page","3":"status-publish","5":"entry"},"_links":{"self":[{"href":"https:\/\/camci-mexico.com\/index.php?rest_route=\/wp\/v2\/pages\/26","targetHints":{"allow":["GET"]}}],"collection":[{"href":"https:\/\/camci-mexico.com\/index.php?rest_route=\/wp\/v2\/pages"}],"about":[{"href":"https:\/\/camci-mexico.com\/index.php?rest_route=\/wp\/v2\/types\/page"}],"author":[{"embeddable":true,"href":"https:\/\/camci-mexico.com\/index.php?rest_route=\/wp\/v2\/users\/1"}],"replies":[{"embeddable":true,"href":"https:\/\/camci-mexico.com\/index.php?rest_route=%2Fwp%2Fv2%2Fcomments&post=26"}],"version-history":[{"count":11,"href":"https:\/\/camci-mexico.com\/index.php?rest_route=\/wp\/v2\/pages\/26\/revisions"}],"predecessor-version":[{"id":99,"href":"https:\/\/camci-mexico.com\/index.php?rest_route=\/wp\/v2\/pages\/26\/revisions\/99"}],"wp:attachment":[{"href":"https:\/\/camci-mexico.com\/index.php?rest_route=%2Fwp%2Fv2%2Fmedia&parent=26"}],"curies":[{"name":"wp","href":"https:\/\/api.w.org\/{rel}","templated":true}]}}